{"id":14482,"date":"2025-05-17T08:51:08","date_gmt":"2025-05-17T05:51:08","guid":{"rendered":"https:\/\/revma24.gr\/haftungsausschluss\/"},"modified":"2025-05-31T10:54:27","modified_gmt":"2025-05-31T07:54:27","slug":"haftungsausschluss","status":"publish","type":"page","link":"https:\/\/revma24.gr\/de\/haftungsausschluss\/","title":{"rendered":"Haftungsausschluss"},"content":{"rendered":"<div class=\"fusion-fullwidth fullwidth-box fusion-builder-row-1 fusion-flex-container has-pattern-background has-mask-background nonhundred-percent-fullwidth non-hundred-percent-height-scrolling\" style=\"--awb-border-radius-top-left:0px;--awb-border-radius-top-right:0px;--awb-border-radius-bottom-right:0px;--awb-border-radius-bottom-left:0px;--awb-flex-wrap:wrap;\" ><div class=\"fusion-builder-row fusion-row fusion-flex-align-items-flex-start fusion-flex-content-wrap\" style=\"max-width:1248px;margin-left: calc(-4% \/ 2 );margin-right: calc(-4% \/ 2 );\"><div class=\"fusion-layout-column fusion_builder_column fusion-builder-column-0 fusion_builder_column_1_1 1_1 fusion-flex-column\" style=\"--awb-bg-size:cover;--awb-width-large:100%;--awb-margin-top-large:0px;--awb-spacing-right-large:1.92%;--awb-margin-bottom-large:20px;--awb-spacing-left-large:1.92%;--awb-width-medium:100%;--awb-order-medium:0;--awb-spacing-right-medium:1.92%;--awb-spacing-left-medium:1.92%;--awb-width-small:100%;--awb-order-small:0;--awb-spacing-right-small:1.92%;--awb-spacing-left-small:1.92%;\"><div class=\"fusion-column-wrapper fusion-column-has-shadow fusion-flex-justify-content-flex-start fusion-content-layout-column\"><div class=\"fusion-text fusion-text-1\"><h1>Haftungsausschluss - Haftungsausschluss<\/h1>\n<p>Der Inhalt der Website revma24.gr wird ausschlie\u00dflich zu Informationszwecken bereitgestellt. Trotz unserer Bem\u00fchungen, die Richtigkeit und Aktualit\u00e4t der Informationen zu gew\u00e4hrleisten, wird keine Garantie, weder ausdr\u00fccklich noch stillschweigend, f\u00fcr deren Vollst\u00e4ndigkeit, Richtigkeit, Zuverl\u00e4ssigkeit oder Eignung \u00fcbernommen. <\/p>\n<p>Die Nutzung der bereitgestellten Informationen liegt in der alleinigen Verantwortung des Besuchers\/Nutzers. Die Website und ihr Eigent\u00fcmer haften nicht f\u00fcr direkte oder indirekte Sch\u00e4den, Verluste oder Nachteile, die sich aus der Nutzung dieser Website oder dem Vertrauen auf ihren Inhalt ergeben k\u00f6nnen. <\/p>\n<p>Externe Links, die auf der Website enthalten sein k\u00f6nnen, dienen der Bequemlichkeit des Benutzers und wir sind nicht verantwortlich f\u00fcr den Inhalt oder die Datenschutzpraktiken dieser Websites.<\/p>\n<p>Wir behalten uns das Recht vor, unsere Inhalte und Richtlinien ohne vorherige Ank\u00fcndigung zu \u00e4ndern. Die fortgesetzte Nutzung der Website gilt als Zustimmung zu diesen Bedingungen. <\/p>\n<p>Bei Fragen oder Unklarheiten kontaktieren Sie uns bitte unter info@revma24.gr.<\/p>\n<\/div><\/div><\/div><\/div><\/div>\n","protected":false},"excerpt":{"rendered":"","protected":false},"author":1,"featured_media":0,"parent":0,"menu_order":0,"comment_status":"closed","ping_status":"closed","template":"100-width.php","meta":{"footnotes":""},"class_list":["post-14482","page","type-page","status-publish","hentry"],"_links":{"self":[{"href":"https:\/\/revma24.gr\/de\/wp-json\/wp\/v2\/pages\/14482","targetHints":{"allow":["GET"]}}],"collection":[{"href":"https:\/\/revma24.gr\/de\/wp-json\/wp\/v2\/pages"}],"about":[{"href":"https:\/\/revma24.gr\/de\/wp-json\/wp\/v2\/types\/page"}],"author":[{"embeddable":true,"href":"https:\/\/revma24.gr\/de\/wp-json\/wp\/v2\/users\/1"}],"replies":[{"embeddable":true,"href":"https:\/\/revma24.gr\/de\/wp-json\/wp\/v2\/comments?post=14482"}],"version-history":[{"count":4,"href":"https:\/\/revma24.gr\/de\/wp-json\/wp\/v2\/pages\/14482\/revisions"}],"predecessor-version":[{"id":16688,"href":"https:\/\/revma24.gr\/de\/wp-json\/wp\/v2\/pages\/14482\/revisions\/16688"}],"wp:attachment":[{"href":"https:\/\/revma24.gr\/de\/wp-json\/wp\/v2\/media?parent=14482"}],"curies":[{"name":"wp","href":"https:\/\/api.w.org\/{rel}","templated":true}]}}