{"id":14487,"date":"2025-05-17T08:45:25","date_gmt":"2025-05-17T05:45:25","guid":{"rendered":"https:\/\/revma24.gr\/cookies-erklaerung\/"},"modified":"2025-05-31T10:54:13","modified_gmt":"2025-05-31T07:54:13","slug":"cookies-erklaerung","status":"publish","type":"page","link":"https:\/\/revma24.gr\/de\/cookies-erklaerung\/","title":{"rendered":"Cookies-Richtlinie"},"content":{"rendered":"<div class=\"fusion-fullwidth fullwidth-box fusion-builder-row-1 fusion-flex-container has-pattern-background has-mask-background nonhundred-percent-fullwidth non-hundred-percent-height-scrolling\" style=\"--awb-border-radius-top-left:0px;--awb-border-radius-top-right:0px;--awb-border-radius-bottom-right:0px;--awb-border-radius-bottom-left:0px;--awb-flex-wrap:wrap;\" ><div class=\"fusion-builder-row fusion-row fusion-flex-align-items-flex-start fusion-flex-content-wrap\" style=\"max-width:1248px;margin-left: calc(-4% \/ 2 );margin-right: calc(-4% \/ 2 );\"><div class=\"fusion-layout-column fusion_builder_column fusion-builder-column-0 fusion_builder_column_1_1 1_1 fusion-flex-column\" style=\"--awb-bg-size:cover;--awb-width-large:100%;--awb-margin-top-large:0px;--awb-spacing-right-large:1.92%;--awb-margin-bottom-large:20px;--awb-spacing-left-large:1.92%;--awb-width-medium:100%;--awb-order-medium:0;--awb-spacing-right-medium:1.92%;--awb-spacing-left-medium:1.92%;--awb-width-small:100%;--awb-order-small:0;--awb-spacing-right-small:1.92%;--awb-spacing-left-small:1.92%;\"><div class=\"fusion-column-wrapper fusion-column-has-shadow fusion-flex-justify-content-flex-start fusion-content-layout-column\"><div class=\"fusion-text fusion-text-1\"><p class=\"\" data-start=\"0\" data-end=\"112\"><span class=\"relative -mx-px my-&#091;-0.2rem&#093; rounded px-px py-&#091;0.2rem&#093; transition-colors duration-100 ease-in-out\">Die Website <strong data-start=\"12\" data-end=\"26\">revma24.gr<\/strong> verf\u00fcgt bereits \u00fcber eine Cookie-Richtlinie, die mit der Allgemeinen Datenschutzverordnung (GDPR) und der griechischen Gesetzgebung (Gesetz 3471\/2006) \u00fcbereinstimmt.<\/span> <span class=\"relative -mx-px my-&#091;-0.2rem&#093; rounded px-px py-&#091;0.2rem&#093; transition-colors duration-100 ease-in-out\">Diese Richtlinie umfasst:<\/span><span class=\"ms-1 inline-flex max-w-full items-center relative top-&#091;-0.094rem&#093; animate-&#091;show_150ms_ease-in&#093;\"><a class=\"flex h-4.5 overflow-hidden rounded-xl px-2 text-&#091;0.5625em&#093; font-medium text-token-text-secondary! bg-&#091;#F4F4F4&#093;! dark:bg-&#091;#303030&#093;! transition-colors duration-150 ease-in-out\" href=\"https:\/\/civilprotection.gov.gr\/politiki-cookies?utm_source=chatgpt.com\" target=\"_blank\" rel=\"noopener\"><span class=\"relative start-0 bottom-0 flex h-full w-full items-center\"><span class=\"flex h-4 w-full items-center justify-between overflow-hidden\"><span class=\"max-w-full grow truncate overflow-hidden text-center\">civilprotection.gov.gr<\/span><\/span><\/span><\/a><\/span><\/p>\n<ul data-start=\"114\" data-end=\"318\">\n<li class=\"\" data-start=\"114\" data-end=\"153\">\n<p class=\"\" data-start=\"116\" data-end=\"153\"><span class=\"relative -mx-px my-&#091;-0.2rem&#093; rounded px-px py-&#091;0.2rem&#093; transition-colors duration-100 ease-in-out\">Verwendung von Technologien wie Cookies, um Ger\u00e4teinformationen zu speichern und\/oder darauf zuzugreifen.<\/span><\/p>\n<\/li>\n<li class=\"\" data-start=\"154\" data-end=\"195\">\n<p class=\"\" data-start=\"156\" data-end=\"195\"><span class=\"relative -mx-px my-&#091;-0.2rem&#093; rounded px-px py-&#091;0.2rem&#093; transition-colors duration-100 ease-in-out\">Unterteilung der Cookies in Kategorien: Funktional, Pr\u00e4ferenz, Statistisch und Marketing.<\/span><\/p>\n<\/li>\n<li class=\"\" data-start=\"196\" data-end=\"237\">\n<p class=\"\" data-start=\"198\" data-end=\"237\"><span class=\"relative -mx-px my-&#091;-0.2rem&#093; rounded px-px py-&#091;0.2rem&#093; transition-colors duration-100 ease-in-out\">Die M\u00f6glichkeit, die Zustimmung durch Annahme- oder Ablehnungsoptionen zu verwalten.<\/span><\/p>\n<\/li>\n<li class=\"\" data-start=\"238\" data-end=\"318\">\n<p class=\"\" data-start=\"240\" data-end=\"318\"><span class=\"relative -mx-px my-&#091;-0.2rem&#093; rounded px-px py-&#091;0.2rem&#093; transition-colors duration-100 ease-in-out\">Informationen \u00fcber die Folgen einer Nicht-Einwilligung, wie z.B. die m\u00f6glichen negativen Auswirkungen auf bestimmte Funktionen der Website.<\/span><span class=\"ms-1 inline-flex max-w-full items-center relative top-&#091;-0.094rem&#093; animate-&#091;show_150ms_ease-in&#093;\"><a class=\"flex h-4.5 overflow-hidden rounded-xl px-2 text-&#091;0.5625em&#093; font-medium text-token-text-secondary! bg-&#091;#F4F4F4&#093;! dark:bg-&#091;#303030&#093;! transition-colors duration-150 ease-in-out\" href=\"https:\/\/revma24.gr\/?utm_source=chatgpt.com\" target=\"_blank\" rel=\"noopener\"><span class=\"relative start-0 bottom-0 flex h-full w-full items-center\"><span class=\"flex h-4 w-full items-center justify-between overflow-hidden\"><span class=\"max-w-full grow truncate overflow-hidden text-center\">revma24.gr<\/span><\/span><\/span><\/a><\/span><\/p>\n<\/li>\n<\/ul>\n<p class=\"\" data-start=\"320\" data-end=\"398\"><span class=\"relative -mx-px my-&#091;-0.2rem&#093; rounded px-px py-&#091;0.2rem&#093; transition-colors duration-100 ease-in-out\">Um die vollst\u00e4ndige Einhaltung der geltenden gesetzlichen Bestimmungen und bew\u00e4hrten Praktiken zu gew\u00e4hrleisten, wird empfohlen, die folgenden Elemente in die Cookies-Richtlinie von revma24.gr aufzunehmen:<\/span><\/p>\n<hr class=\"\" data-start=\"400\" data-end=\"403\">\n<h3 class=\"\" data-start=\"405\" data-end=\"425\">Cookies-Richtlinie<\/h3>\n<p class=\"\" data-start=\"427\" data-end=\"464\"><strong data-start=\"427\" data-end=\"464\">Letzte Aktualisierung: 17.05.2025<\/strong><\/p>\n<p class=\"\" data-start=\"427\" data-end=\"464\"><span class=\"relative -mx-px my-&#091;-0.2rem&#093; rounded px-px py-&#091;0.2rem&#093; transition-colors duration-100 ease-in-out\">Diese Cookie-Richtlinie erkl\u00e4rt, was Cookies sind, wie wir sie auf unserer Website verwenden und wie Sie sie verwalten k\u00f6nnen.<\/span><span class=\"ms-1 inline-flex max-w-full items-center relative top-&#091;-0.094rem&#093; animate-&#091;show_150ms_ease-in&#093;\"><a class=\"flex h-4.5 overflow-hidden rounded-xl px-2 text-&#091;0.5625em&#093; font-medium text-token-text-secondary! bg-&#091;#F4F4F4&#093;! dark:bg-&#091;#303030&#093;! transition-colors duration-150 ease-in-out\" href=\"https:\/\/civilprotection.gov.gr\/politiki-cookies?utm_source=chatgpt.com\" target=\"_blank\" rel=\"noopener\"><span class=\"relative start-0 bottom-0 flex h-full w-full items-center\"><span class=\"flex h-4 w-full items-center justify-between overflow-hidden\"><span class=\"max-w-full grow truncate overflow-hidden text-center\">civilprotection.gov.gr<\/span><\/span><\/span><\/a><\/span><\/p>\n<h4 class=\"\" data-start=\"546\" data-end=\"571\">Was sind Cookies?<\/h4>\n<p class=\"\" data-start=\"573\" data-end=\"651\"><span class=\"relative -mx-px my-&#091;-0.2rem&#093; rounded px-px py-&#091;0.2rem&#093; transition-colors duration-100 ease-in-out\">Cookies sind kleine Textdateien, die auf Ihrem Computer oder Mobilger\u00e4t gespeichert werden, wenn Sie eine Website besuchen. Sie werden h\u00e4ufig verwendet, um Websites funktionsf\u00e4hig oder effizienter zu machen und um den Betreibern der Website Informationen zur Verf\u00fcgung zu stellen. <\/span><span class=\"ms-1 inline-flex max-w-full items-center relative top-&#091;-0.094rem&#093; animate-&#091;show_150ms_ease-in&#093;\"><a class=\"flex h-4.5 overflow-hidden rounded-xl px-2 text-&#091;0.5625em&#093; font-medium text-token-text-secondary! bg-&#091;#F4F4F4&#093;! dark:bg-&#091;#303030&#093;! transition-colors duration-150 ease-in-out\" href=\"https:\/\/civilprotection.gov.gr\/politiki-cookies?utm_source=chatgpt.com\" target=\"_blank\" rel=\"noopener\"><span class=\"relative start-0 bottom-0 flex h-full w-full items-center\"><span class=\"flex h-4 w-full items-center justify-between overflow-hidden\"><span class=\"max-w-full grow truncate overflow-hidden text-center\">civilprotection.gov.gr<\/span><\/span><\/span><\/a><\/span><\/p>\n<h4 class=\"\" data-start=\"653\" data-end=\"688\">Wie verwenden wir Cookies?<\/h4>\n<p class=\"\" data-start=\"690\" data-end=\"768\"><span class=\"relative -mx-px my-&#091;-0.2rem&#093; rounded px-px py-&#091;0.2rem&#093; transition-colors duration-100 ease-in-out\">Wir verwenden Cookies f\u00fcr die folgenden Zwecke:<\/span><span class=\"ms-1 inline-flex max-w-full items-center relative top-&#091;-0.094rem&#093; animate-&#091;show_150ms_ease-in&#093;\"><a class=\"flex h-4.5 overflow-hidden rounded-xl px-2 text-&#091;0.5625em&#093; font-medium text-token-text-secondary! bg-&#091;#F4F4F4&#093;! dark:bg-&#091;#303030&#093;! transition-colors duration-150 ease-in-out\" href=\"https:\/\/revma24.gr\/?utm_source=chatgpt.com\" target=\"_blank\" rel=\"noopener\"><span class=\"relative start-0 bottom-0 flex h-full w-full items-center\"><span class=\"flex h-4 w-full items-center justify-between overflow-hidden\"><span class=\"max-w-full grow truncate overflow-hidden text-center\">revma24.gr<\/span><\/span><\/span><\/a><\/span><\/p>\n<ul data-start=\"770\" data-end=\"1083\">\n<li class=\"\" data-start=\"770\" data-end=\"835\">\n<p class=\"\" data-start=\"772\" data-end=\"835\"><strong data-start=\"772\" data-end=\"794\">Notwendige Cookies<\/strong>: <span class=\"relative -mx-px my-&#091;-0.2rem&#093; rounded px-px py-&#091;0.2rem&#093; transition-colors duration-100 ease-in-out\">Diese Cookies sind f\u00fcr den Betrieb der Website erforderlich und k\u00f6nnen auf unseren Systemen nicht deaktiviert werden.<\/span><\/p>\n<\/li>\n<li class=\"\" data-start=\"836\" data-end=\"902\">\n<p class=\"\" data-start=\"838\" data-end=\"902\"><strong data-start=\"838\" data-end=\"861\">Pr\u00e4ferenz-Cookies<\/strong>: <span class=\"relative -mx-px my-&#091;-0.2rem&#093; rounded px-px py-&#091;0.2rem&#093; transition-colors duration-100 ease-in-out\">Erm\u00f6glichen es der Website, sich an Ihre Auswahl zu erinnern (z. B. Ihren Benutzernamen, Ihre Sprache oder Ihre Region) und verbesserte, personalisierte Funktionen anzubieten.<\/span><\/p>\n<\/li>\n<li class=\"\" data-start=\"903\" data-end=\"969\">\n<p class=\"\" data-start=\"905\" data-end=\"969\"><strong data-start=\"905\" data-end=\"928\">Statistik-Cookies<\/strong>: <span class=\"relative -mx-px my-&#091;-0.2rem&#093; rounded px-px py-&#091;0.2rem&#093; transition-colors duration-100 ease-in-out\">Sie helfen uns zu verstehen, wie Besucher mit der Website interagieren, indem sie Informationen anonym sammeln und melden.<\/span><\/p>\n<\/li>\n<li class=\"\" data-start=\"970\" data-end=\"1083\">\n<p class=\"\" data-start=\"972\" data-end=\"1083\"><strong data-start=\"972\" data-end=\"1003\">Marketing-Cookies<\/strong>: <span class=\"relative -mx-px my-&#091;-0.2rem&#093; rounded px-px py-&#091;0.2rem&#093; transition-colors duration-100 ease-in-out\">werden verwendet, um die Besucher von Websites zu verfolgen, damit Werbung angezeigt werden kann, die f\u00fcr den einzelnen Benutzer relevant und attraktiv ist.<\/span><\/p>\n<\/li>\n<\/ul>\n<h4 class=\"\" data-start=\"1085\" data-end=\"1112\">Verwaltung von Cookies<\/h4>\n<p class=\"\" data-start=\"1114\" data-end=\"1192\"><span class=\"relative -mx-px my-&#091;-0.2rem&#093; rounded px-px py-&#091;0.2rem&#093; transition-colors duration-100 ease-in-out\">Sie k\u00f6nnen Ihre Cookie-Einstellungen \u00fcber das [Consent Management Panel] auf unserer Website verwalten. Dar\u00fcber hinaus k\u00f6nnen Sie Ihren Browser so einstellen, dass er alle oder einige Cookies ablehnt oder Sie benachrichtigt, wenn Cookies gesendet werden. <\/span><\/p>\n<h4 class=\"\" data-start=\"1194\" data-end=\"1213\">Ihre Rechte<\/h4>\n<p class=\"\" data-start=\"1215\" data-end=\"1293\"><span class=\"relative -mx-px my-&#091;-0.2rem&#093; rounded px-px py-&#091;0.2rem&#093; transition-colors duration-100 ease-in-out\">Sie haben das Recht, Ihre Zustimmung zur Verwendung von Cookies jederzeit zu widerrufen. Weitere Informationen \u00fcber Ihre Rechte und wie Sie diese aus\u00fcben k\u00f6nnen, finden Sie in unserer<a href=\"https:\/\/revma24.gr\/%ce%ba%ce%ad%ce%bd%cf%84%cf%81%ce%bf-%ce%b1%cf%80%ce%bf%cf%81%cf%81%ce%ae%cf%84%ce%bf%cf%85-gdpr\/\">[Datenschutzrichtlinie<\/a>]. <\/span><span class=\"ms-1 inline-flex max-w-full items-center relative top-&#091;-0.094rem&#093; animate-&#091;show_150ms_ease-in&#093;\"><a class=\"flex h-4.5 overflow-hidden rounded-xl px-2 text-&#091;0.5625em&#093; font-medium text-token-text-secondary! bg-&#091;#F4F4F4&#093;! dark:bg-&#091;#303030&#093;! transition-colors duration-150 ease-in-out\" href=\"https:\/\/civilprotection.gov.gr\/politiki-cookies?utm_source=chatgpt.com\" target=\"_blank\" rel=\"noopener\"><span class=\"relative start-0 bottom-0 flex h-full w-full items-center\"><span class=\"flex h-4 w-full items-center justify-between overflow-hidden\"><span class=\"max-w-full grow truncate overflow-hidden text-center\">civilprotection.gov.gr<\/span><\/span><\/span><\/a><\/span><\/p>\n<h4 class=\"\" data-start=\"1295\" data-end=\"1311\">Kontakt<\/h4>\n<p class=\"\" data-start=\"1313\" data-end=\"1391\"><span class=\"relative -mx-px my-&#091;-0.2rem&#093; rounded px-px py-&#091;0.2rem&#093; transition-colors duration-100 ease-in-out\">Wenn Sie Fragen zu dieser Cookie-Richtlinie haben, k\u00f6nnen Sie uns kontaktieren unter:<\/span><span class=\"ms-1 inline-flex max-w-full items-center relative top-&#091;-0.094rem&#093; animate-&#091;show_150ms_ease-in&#093;\"><a class=\"flex h-4.5 overflow-hidden rounded-xl px-2 text-&#091;0.5625em&#093; font-medium text-token-text-secondary! bg-&#091;#F4F4F4&#093;! dark:bg-&#091;#303030&#093;! transition-colors duration-150 ease-in-out\" href=\"https:\/\/civilprotection.gov.gr\/politiki-cookies?utm_source=chatgpt.com\" target=\"_blank\" rel=\"noopener\"><span class=\"relative start-0 bottom-0 flex h-full w-full items-center\"><span class=\"flex h-4 w-full items-center justify-between overflow-hidden\"><span class=\"max-w-full grow truncate overflow-hidden text-center\">civilprotection.gov.gr<\/span><\/span><\/span><\/a><\/span><\/p>\n<p class=\"\" data-start=\"1393\" data-end=\"1482\"><strong data-start=\"1393\" data-end=\"1402\">E-Mail<\/strong>: <span class=\"relative -mx-px my-&#091;-0.2rem&#093; rounded px-px py-&#091;0.2rem&#093; transition-colors duration-100 ease-in-out\"><a href=\"mailto:info@revma24.gr\" data-start=\"0\" data-end=\"15\" data-is-last-node=\"\" data-is-only-node=\"\">info@revma24.gr<\/a><\/span><\/p>\n<\/div><\/div><\/div><\/div><\/div>\n","protected":false},"excerpt":{"rendered":"","protected":false},"author":1,"featured_media":0,"parent":0,"menu_order":0,"comment_status":"closed","ping_status":"closed","template":"100-width.php","meta":{"footnotes":""},"class_list":["post-14487","page","type-page","status-publish","hentry"],"_links":{"self":[{"href":"https:\/\/revma24.gr\/de\/wp-json\/wp\/v2\/pages\/14487","targetHints":{"allow":["GET"]}}],"collection":[{"href":"https:\/\/revma24.gr\/de\/wp-json\/wp\/v2\/pages"}],"about":[{"href":"https:\/\/revma24.gr\/de\/wp-json\/wp\/v2\/types\/page"}],"author":[{"embeddable":true,"href":"https:\/\/revma24.gr\/de\/wp-json\/wp\/v2\/users\/1"}],"replies":[{"embeddable":true,"href":"https:\/\/revma24.gr\/de\/wp-json\/wp\/v2\/comments?post=14487"}],"version-history":[{"count":5,"href":"https:\/\/revma24.gr\/de\/wp-json\/wp\/v2\/pages\/14487\/revisions"}],"predecessor-version":[{"id":16630,"href":"https:\/\/revma24.gr\/de\/wp-json\/wp\/v2\/pages\/14487\/revisions\/16630"}],"wp:attachment":[{"href":"https:\/\/revma24.gr\/de\/wp-json\/wp\/v2\/media?parent=14487"}],"curies":[{"name":"wp","href":"https:\/\/api.w.org\/{rel}","templated":true}]}}